{"id":759,"date":"2021-08-11T10:08:12","date_gmt":"2021-08-11T10:08:12","guid":{"rendered":"https:\/\/chateau-roylland.fr\/le-vignoble\/"},"modified":"2021-11-02T11:42:26","modified_gmt":"2021-11-02T11:42:26","slug":"vineyard","status":"publish","type":"page","link":"https:\/\/chateau-roylland.fr\/en\/vineyard\/","title":{"rendered":"Vineyard"},"content":{"rendered":"<div class=\"wpb-content-wrapper\"><p>[vc_row row_type=&#8221;parallax&#8221; parallax_content_width=&#8221;full_width&#8221; text_align=&#8221;left&#8221; full_screen_section_height=&#8221;no&#8221; el_class=&#8221;titre&#8221; background_image=&#8221;478&#8243;][vc_column][vc_column_text]<\/p>\n<h1>CH\u00c2TEAU ROYLLAND VINEYARD<\/h1>\n<p>[\/vc_column_text][\/vc_column][\/vc_row][vc_row css_animation=&#8221;&#8221; row_type=&#8221;row&#8221; use_row_as_full_screen_section=&#8221;no&#8221; type=&#8221;full_width&#8221; angled_section=&#8221;no&#8221; text_align=&#8221;left&#8221; background_image_as_pattern=&#8221;without_pattern&#8221; el_class=&#8221;margin center_text&#8221; z_index=&#8221;&#8221;][vc_column][vc_column_text]<\/p>\n<p style=\"text-align: center;\">The five hectares of vines of Ch\u00e2teau Roylland are distributed over three distinct areas of Saint-\u00c9milion, amidst the most prestigious Grands Crus of the appellation (ch\u00e2teaux Ang\u00e9lus, Canon, Berliquet, etc.).<\/p>\n<p>[\/vc_column_text][\/vc_column][\/vc_row][vc_row css_animation=&#8221;&#8221; row_type=&#8221;row&#8221; use_row_as_full_screen_section=&#8221;no&#8221; type=&#8221;full_width&#8221; angled_section=&#8221;no&#8221; text_align=&#8221;left&#8221; background_image_as_pattern=&#8221;without_pattern&#8221; el_class=&#8221;block_title_text_img margin image_small responsive_margin_60&#8243; z_index=&#8221;&#8221;][vc_column][vc_column_text el_class=&#8221;padding_30&#8243;]<\/p>\n<h2>THE VINES: GRAPE VARIETIES AND VITICULTURE TECHNIQUES<\/h2>\n<p>[\/vc_column_text][vc_row_inner row_type=&#8221;row&#8221; type=&#8221;full_width&#8221; text_align=&#8221;left&#8221; css_animation=&#8221;&#8221;][vc_column_inner width=&#8221;1\/2&#8243;][vc_column_text]<\/p>\n<p style=\"text-align: justify;\">The vineyard of Ch\u00e2teau Roylland spans over more than five hectares on predominantly sandy-clay soil at the foot of a hillside. It is composed of 88% merlot and 12% cabernet franc. More than 20,000 bottles of red wine are produced each year by the Ch\u00e2teau, with a yield of approximately 37\u00a0hl.<\/p>\n<p>[\/vc_column_text][\/vc_column_inner][vc_column_inner width=&#8221;1\/2&#8243;][vc_single_image image=&#8221;489&#8243; img_size=&#8221;large&#8221; qode_css_animation=&#8221;&#8221;][\/vc_column_inner][\/vc_row_inner][\/vc_column][\/vc_row][vc_row css_animation=&#8221;&#8221; row_type=&#8221;row&#8221; use_row_as_full_screen_section=&#8221;no&#8221; type=&#8221;full_width&#8221; angled_section=&#8221;no&#8221; text_align=&#8221;left&#8221; background_image_as_pattern=&#8221;without_pattern&#8221; el_class=&#8221;block_title_text_img flex margin image_small responsive_margin_60&#8243; z_index=&#8221;&#8221;][vc_column][vc_row_inner row_type=&#8221;row&#8221; type=&#8221;full_width&#8221; text_align=&#8221;left&#8221; css_animation=&#8221;&#8221;][vc_column_inner width=&#8221;1\/2&#8243;][vc_column_text]<\/p>\n<p style=\"text-align: justify;\">Martine and Jean-Bernard Chambard are committed to a sustainable agriculture approach, placing biodiversity at the forefront of the vineyard&#8217;s operations. Thus, a natural vegetation cover is maintained during the winter and part of the summer. As for vineyard weed management, only very light hoeing is performed. All decisions are made using environmental ethic principles and considering the plant, soil and climate. With biodiversity as a constant objective, the wine estate will start converting to organic viticulture in 2021.<\/p>\n<p>[\/vc_column_text][\/vc_column_inner][vc_column_inner width=&#8221;1\/2&#8243;][vc_single_image image=&#8221;480&#8243; img_size=&#8221;large&#8221; qode_css_animation=&#8221;&#8221;][\/vc_column_inner][\/vc_row_inner][\/vc_column][\/vc_row][vc_row css_animation=&#8221;&#8221; row_type=&#8221;row&#8221; use_row_as_full_screen_section=&#8221;no&#8221; type=&#8221;full_width&#8221; angled_section=&#8221;no&#8221; text_align=&#8221;left&#8221; background_image_as_pattern=&#8221;without_pattern&#8221; el_class=&#8221;margin center_text&#8221; z_index=&#8221;&#8221;][vc_column][vc_column_text]<\/p>\n<p style=\"text-align: center;\">Green harvesting (de-budding, de-stemming, leaf removal) is performed by hand to ensure optimal quality and, of course, the harvest itself with the help of seasonal workers.<\/p>\n<p>[\/vc_column_text][\/vc_column][\/vc_row][vc_row css_animation=&#8221;&#8221; row_type=&#8221;row&#8221; use_row_as_full_screen_section=&#8221;no&#8221; type=&#8221;full_width&#8221; angled_section=&#8221;no&#8221; text_align=&#8221;left&#8221; background_image_as_pattern=&#8221;without_pattern&#8221; el_class=&#8221;block_title_text_img margin image_small responsive_margin_60&#8243; z_index=&#8221;&#8221;][vc_column][vc_column_text el_class=&#8221;padding_30&#8243;]<\/p>\n<h2>HARVEST SEASON AT CH\u00c2TEAU ROYLLAND<\/h2>\n<p>[\/vc_column_text][vc_row_inner row_type=&#8221;row&#8221; type=&#8221;full_width&#8221; text_align=&#8221;left&#8221; css_animation=&#8221;&#8221;][vc_column_inner width=&#8221;1\/2&#8243;][vc_column_text]<\/p>\n<p style=\"text-align: justify;\">How is the harvest season carried out at Ch\u00e2teau Roylland?<br \/>\nWaiting for the perfect ripening is critical. Grapes are only harvested at optimal maturity, generally late September and early October. They are carried out traditionally, i.e., handpicked, plot by plot, using small crates.<\/p>\n<p>[\/vc_column_text][\/vc_column_inner][vc_column_inner width=&#8221;1\/2&#8243;][vc_single_image image=&#8221;28&#8243; img_size=&#8221;full&#8221; qode_css_animation=&#8221;&#8221;][\/vc_column_inner][\/vc_row_inner][\/vc_column][\/vc_row][vc_row css_animation=&#8221;&#8221; row_type=&#8221;row&#8221; use_row_as_full_screen_section=&#8221;no&#8221; type=&#8221;full_width&#8221; angled_section=&#8221;no&#8221; text_align=&#8221;left&#8221; background_image_as_pattern=&#8221;without_pattern&#8221; el_class=&#8221;block_title_text_img flex margin image_small responsive_margin_60&#8243; z_index=&#8221;&#8221;][vc_column][vc_row_inner row_type=&#8221;row&#8221; type=&#8221;full_width&#8221; text_align=&#8221;left&#8221; css_animation=&#8221;&#8221;][vc_column_inner width=&#8221;1\/2&#8243;][vc_column_text]<\/p>\n<p style=\"text-align: justify;\">Over three to four days, 65 to 70\u00a0hl of grapes are harvested per day. As soon as the crop arrives at the winery, the bunches are de-stemmed. Next, the berries undergo two successive sortings: a Tribaie densitometric sorting then a meticulous manual sorting to guarantee a qualitative selection. Finally, they are poured into vats.<\/p>\n<p>[\/vc_column_text][\/vc_column_inner][vc_column_inner width=&#8221;1\/2&#8243;][vc_single_image image=&#8221;52&#8243; img_size=&#8221;full&#8221; qode_css_animation=&#8221;&#8221;][\/vc_column_inner][\/vc_row_inner][\/vc_column][\/vc_row][vc_row css_animation=&#8221;&#8221; row_type=&#8221;row&#8221; use_row_as_full_screen_section=&#8221;no&#8221; type=&#8221;full_width&#8221; angled_section=&#8221;no&#8221; text_align=&#8221;left&#8221; background_image_as_pattern=&#8221;without_pattern&#8221; el_class=&#8221;margin&#8221; z_index=&#8221;&#8221;][vc_column][vc_column_text]<\/p>\n<p style=\"text-align: center;\"><a class=\"bouton\" href=\"https:\/\/chateau-roylland.fr\/en\/wine\/\">ALL ABOUT OUR WINE<\/a><\/p>\n<p>[\/vc_column_text][\/vc_column][\/vc_row]<\/p>\n<\/div>","protected":false},"excerpt":{"rendered":"<p>[vc_row row_type=&#8221;parallax&#8221; parallax_content_width=&#8221;full_width&#8221; text_align=&#8221;left&#8221; full_screen_section_height=&#8221;no&#8221; el_class=&#8221;titre&#8221; background_image=&#8221;478&#8243;][vc_column][vc_column_text] CH\u00c2TEAU ROYLLAND VINEYARD [\/vc_column_text][\/vc_column][\/vc_row][vc_row css_animation=&#8221;&#8221; row_type=&#8221;row&#8221; use_row_as_full_screen_section=&#8221;no&#8221; type=&#8221;full_width&#8221; angled_section=&#8221;no&#8221; text_align=&#8221;left&#8221; background_image_as_pattern=&#8221;without_pattern&#8221; el_class=&#8221;margin center_text&#8221; z_index=&#8221;&#8221;][vc_column][vc_column_text] The five hectares of vines of Ch\u00e2teau Roylland are distributed over three distinct areas of Saint-\u00c9milion, amidst the most prestigious Grands Crus of the&#8230;<\/p>\n","protected":false},"author":1,"featured_media":573,"parent":0,"menu_order":0,"comment_status":"closed","ping_status":"closed","template":"","meta":{"_acf_changed":false,"inline_featured_image":false,"footnotes":""},"class_list":["post-759","page","type-page","status-publish","has-post-thumbnail","hentry"],"acf":[],"yoast_head":"<!-- This site is optimized with the Yoast SEO plugin v27.1.1 - https:\/\/yoast.com\/product\/yoast-seo-wordpress\/ -->\n<title>The vineyard of Ch\u00e2teau Roylland - A viticultural process<\/title>\n<meta name=\"description\" content=\"The 5-hectare vineyard of Ch\u00e2teau Roylland is located among the most prestigious Grands Crus of Saint-\u00c9milion.\" \/>\n<meta name=\"robots\" content=\"index, follow, max-snippet:-1, max-image-preview:large, max-video-preview:-1\" \/>\n<link rel=\"canonical\" href=\"https:\/\/chateau-roylland.fr\/en\/vineyard\/\" \/>\n<meta property=\"og:locale\" content=\"en_US\" \/>\n<meta property=\"og:type\" content=\"article\" \/>\n<meta property=\"og:title\" content=\"The vineyard of Ch\u00e2teau Roylland - A viticultural process\" \/>\n<meta property=\"og:description\" content=\"The 5-hectare vineyard of Ch\u00e2teau Roylland is located among the most prestigious Grands Crus of Saint-\u00c9milion.\" \/>\n<meta property=\"og:url\" content=\"https:\/\/chateau-roylland.fr\/en\/vineyard\/\" \/>\n<meta property=\"og:site_name\" content=\"Ch\u00e2teau Roylland\" \/>\n<meta property=\"article:publisher\" content=\"https:\/\/www.facebook.com\/Chateau-Roylland-1416769891762300\/\" \/>\n<meta property=\"article:modified_time\" content=\"2021-11-02T11:42:26+00:00\" \/>\n<meta property=\"og:image\" content=\"https:\/\/chateau-roylland.fr\/wp-content\/uploads\/2021\/09\/vignoble-chateau-roylland-vin-saint-emilion-grand-cru-header.jpg\" \/>\n\t<meta property=\"og:image:width\" content=\"2000\" \/>\n\t<meta property=\"og:image:height\" content=\"1332\" \/>\n\t<meta property=\"og:image:type\" content=\"image\/jpeg\" \/>\n<meta name=\"twitter:card\" content=\"summary_large_image\" \/>\n<meta name=\"twitter:label1\" content=\"Est. reading time\" \/>\n\t<meta name=\"twitter:data1\" content=\"2 minutes\" \/>\n<script type=\"application\/ld+json\" class=\"yoast-schema-graph\">{\"@context\":\"https:\/\/schema.org\",\"@graph\":[{\"@type\":\"WebPage\",\"@id\":\"https:\/\/chateau-roylland.fr\/en\/vineyard\/\",\"url\":\"https:\/\/chateau-roylland.fr\/en\/vineyard\/\",\"name\":\"The vineyard of Ch\u00e2teau Roylland - A viticultural process\",\"isPartOf\":{\"@id\":\"https:\/\/chateau-roylland.fr\/#website\"},\"primaryImageOfPage\":{\"@id\":\"https:\/\/chateau-roylland.fr\/en\/vineyard\/#primaryimage\"},\"image\":{\"@id\":\"https:\/\/chateau-roylland.fr\/en\/vineyard\/#primaryimage\"},\"thumbnailUrl\":\"https:\/\/chateau-roylland.fr\/wp-content\/uploads\/2021\/09\/vignoble-chateau-roylland-vin-saint-emilion-grand-cru-header.jpg\",\"datePublished\":\"2021-08-11T10:08:12+00:00\",\"dateModified\":\"2021-11-02T11:42:26+00:00\",\"description\":\"The 5-hectare vineyard of Ch\u00e2teau Roylland is located among the most prestigious Grands Crus of Saint-\u00c9milion.\",\"breadcrumb\":{\"@id\":\"https:\/\/chateau-roylland.fr\/en\/vineyard\/#breadcrumb\"},\"inLanguage\":\"en-US\",\"potentialAction\":[{\"@type\":\"ReadAction\",\"target\":[\"https:\/\/chateau-roylland.fr\/en\/vineyard\/\"]}]},{\"@type\":\"ImageObject\",\"inLanguage\":\"en-US\",\"@id\":\"https:\/\/chateau-roylland.fr\/en\/vineyard\/#primaryimage\",\"url\":\"https:\/\/chateau-roylland.fr\/wp-content\/uploads\/2021\/09\/vignoble-chateau-roylland-vin-saint-emilion-grand-cru-header.jpg\",\"contentUrl\":\"https:\/\/chateau-roylland.fr\/wp-content\/uploads\/2021\/09\/vignoble-chateau-roylland-vin-saint-emilion-grand-cru-header.jpg\",\"width\":2000,\"height\":1332},{\"@type\":\"BreadcrumbList\",\"@id\":\"https:\/\/chateau-roylland.fr\/en\/vineyard\/#breadcrumb\",\"itemListElement\":[{\"@type\":\"ListItem\",\"position\":1,\"name\":\"Accueil\",\"item\":\"https:\/\/chateau-roylland.fr\/en\/\"},{\"@type\":\"ListItem\",\"position\":2,\"name\":\"Vineyard\"}]},{\"@type\":\"WebSite\",\"@id\":\"https:\/\/chateau-roylland.fr\/#website\",\"url\":\"https:\/\/chateau-roylland.fr\/\",\"name\":\"Ch\u00e2teau Roylland\",\"description\":\"Saint-Emilion Grand Cru\",\"publisher\":{\"@id\":\"https:\/\/chateau-roylland.fr\/#organization\"},\"potentialAction\":[{\"@type\":\"SearchAction\",\"target\":{\"@type\":\"EntryPoint\",\"urlTemplate\":\"https:\/\/chateau-roylland.fr\/?s={search_term_string}\"},\"query-input\":{\"@type\":\"PropertyValueSpecification\",\"valueRequired\":true,\"valueName\":\"search_term_string\"}}],\"inLanguage\":\"en-US\"},{\"@type\":\"Organization\",\"@id\":\"https:\/\/chateau-roylland.fr\/#organization\",\"name\":\"Ch\u00e2teau Roylland\",\"url\":\"https:\/\/chateau-roylland.fr\/\",\"logo\":{\"@type\":\"ImageObject\",\"inLanguage\":\"en-US\",\"@id\":\"https:\/\/chateau-roylland.fr\/#\/schema\/logo\/image\/\",\"url\":\"https:\/\/chateau-roylland.fr\/wp-content\/uploads\/2021\/06\/logo-chateau-roylland-600px.png\",\"contentUrl\":\"https:\/\/chateau-roylland.fr\/wp-content\/uploads\/2021\/06\/logo-chateau-roylland-600px.png\",\"width\":600,\"height\":635,\"caption\":\"Ch\u00e2teau Roylland\"},\"image\":{\"@id\":\"https:\/\/chateau-roylland.fr\/#\/schema\/logo\/image\/\"},\"sameAs\":[\"https:\/\/www.facebook.com\/Chateau-Roylland-1416769891762300\/\"]}]}<\/script>\n<!-- \/ Yoast SEO plugin. -->","yoast_head_json":{"title":"The vineyard of Ch\u00e2teau Roylland - A viticultural process","description":"The 5-hectare vineyard of Ch\u00e2teau Roylland is located among the most prestigious Grands Crus of Saint-\u00c9milion.","robots":{"index":"index","follow":"follow","max-snippet":"max-snippet:-1","max-image-preview":"max-image-preview:large","max-video-preview":"max-video-preview:-1"},"canonical":"https:\/\/chateau-roylland.fr\/en\/vineyard\/","og_locale":"en_US","og_type":"article","og_title":"The vineyard of Ch\u00e2teau Roylland - A viticultural process","og_description":"The 5-hectare vineyard of Ch\u00e2teau Roylland is located among the most prestigious Grands Crus of Saint-\u00c9milion.","og_url":"https:\/\/chateau-roylland.fr\/en\/vineyard\/","og_site_name":"Ch\u00e2teau Roylland","article_publisher":"https:\/\/www.facebook.com\/Chateau-Roylland-1416769891762300\/","article_modified_time":"2021-11-02T11:42:26+00:00","og_image":[{"width":2000,"height":1332,"url":"https:\/\/chateau-roylland.fr\/wp-content\/uploads\/2021\/09\/vignoble-chateau-roylland-vin-saint-emilion-grand-cru-header.jpg","type":"image\/jpeg"}],"twitter_card":"summary_large_image","twitter_misc":{"Est. reading time":"2 minutes"},"schema":{"@context":"https:\/\/schema.org","@graph":[{"@type":"WebPage","@id":"https:\/\/chateau-roylland.fr\/en\/vineyard\/","url":"https:\/\/chateau-roylland.fr\/en\/vineyard\/","name":"The vineyard of Ch\u00e2teau Roylland - A viticultural process","isPartOf":{"@id":"https:\/\/chateau-roylland.fr\/#website"},"primaryImageOfPage":{"@id":"https:\/\/chateau-roylland.fr\/en\/vineyard\/#primaryimage"},"image":{"@id":"https:\/\/chateau-roylland.fr\/en\/vineyard\/#primaryimage"},"thumbnailUrl":"https:\/\/chateau-roylland.fr\/wp-content\/uploads\/2021\/09\/vignoble-chateau-roylland-vin-saint-emilion-grand-cru-header.jpg","datePublished":"2021-08-11T10:08:12+00:00","dateModified":"2021-11-02T11:42:26+00:00","description":"The 5-hectare vineyard of Ch\u00e2teau Roylland is located among the most prestigious Grands Crus of Saint-\u00c9milion.","breadcrumb":{"@id":"https:\/\/chateau-roylland.fr\/en\/vineyard\/#breadcrumb"},"inLanguage":"en-US","potentialAction":[{"@type":"ReadAction","target":["https:\/\/chateau-roylland.fr\/en\/vineyard\/"]}]},{"@type":"ImageObject","inLanguage":"en-US","@id":"https:\/\/chateau-roylland.fr\/en\/vineyard\/#primaryimage","url":"https:\/\/chateau-roylland.fr\/wp-content\/uploads\/2021\/09\/vignoble-chateau-roylland-vin-saint-emilion-grand-cru-header.jpg","contentUrl":"https:\/\/chateau-roylland.fr\/wp-content\/uploads\/2021\/09\/vignoble-chateau-roylland-vin-saint-emilion-grand-cru-header.jpg","width":2000,"height":1332},{"@type":"BreadcrumbList","@id":"https:\/\/chateau-roylland.fr\/en\/vineyard\/#breadcrumb","itemListElement":[{"@type":"ListItem","position":1,"name":"Accueil","item":"https:\/\/chateau-roylland.fr\/en\/"},{"@type":"ListItem","position":2,"name":"Vineyard"}]},{"@type":"WebSite","@id":"https:\/\/chateau-roylland.fr\/#website","url":"https:\/\/chateau-roylland.fr\/","name":"Ch\u00e2teau Roylland","description":"Saint-Emilion Grand Cru","publisher":{"@id":"https:\/\/chateau-roylland.fr\/#organization"},"potentialAction":[{"@type":"SearchAction","target":{"@type":"EntryPoint","urlTemplate":"https:\/\/chateau-roylland.fr\/?s={search_term_string}"},"query-input":{"@type":"PropertyValueSpecification","valueRequired":true,"valueName":"search_term_string"}}],"inLanguage":"en-US"},{"@type":"Organization","@id":"https:\/\/chateau-roylland.fr\/#organization","name":"Ch\u00e2teau Roylland","url":"https:\/\/chateau-roylland.fr\/","logo":{"@type":"ImageObject","inLanguage":"en-US","@id":"https:\/\/chateau-roylland.fr\/#\/schema\/logo\/image\/","url":"https:\/\/chateau-roylland.fr\/wp-content\/uploads\/2021\/06\/logo-chateau-roylland-600px.png","contentUrl":"https:\/\/chateau-roylland.fr\/wp-content\/uploads\/2021\/06\/logo-chateau-roylland-600px.png","width":600,"height":635,"caption":"Ch\u00e2teau Roylland"},"image":{"@id":"https:\/\/chateau-roylland.fr\/#\/schema\/logo\/image\/"},"sameAs":["https:\/\/www.facebook.com\/Chateau-Roylland-1416769891762300\/"]}]}},"_links":{"self":[{"href":"https:\/\/chateau-roylland.fr\/en\/wp-json\/wp\/v2\/pages\/759","targetHints":{"allow":["GET"]}}],"collection":[{"href":"https:\/\/chateau-roylland.fr\/en\/wp-json\/wp\/v2\/pages"}],"about":[{"href":"https:\/\/chateau-roylland.fr\/en\/wp-json\/wp\/v2\/types\/page"}],"author":[{"embeddable":true,"href":"https:\/\/chateau-roylland.fr\/en\/wp-json\/wp\/v2\/users\/1"}],"replies":[{"embeddable":true,"href":"https:\/\/chateau-roylland.fr\/en\/wp-json\/wp\/v2\/comments?post=759"}],"version-history":[{"count":2,"href":"https:\/\/chateau-roylland.fr\/en\/wp-json\/wp\/v2\/pages\/759\/revisions"}],"predecessor-version":[{"id":761,"href":"https:\/\/chateau-roylland.fr\/en\/wp-json\/wp\/v2\/pages\/759\/revisions\/761"}],"wp:featuredmedia":[{"embeddable":true,"href":"https:\/\/chateau-roylland.fr\/en\/wp-json\/wp\/v2\/media\/573"}],"wp:attachment":[{"href":"https:\/\/chateau-roylland.fr\/en\/wp-json\/wp\/v2\/media?parent=759"}],"curies":[{"name":"wp","href":"https:\/\/api.w.org\/{rel}","templated":true}]}}