{"id":738,"date":"2021-08-11T09:04:02","date_gmt":"2021-08-11T09:04:02","guid":{"rendered":"https:\/\/chateau-roylland.fr\/le-chateau\/"},"modified":"2021-11-02T10:48:08","modified_gmt":"2021-11-02T10:48:08","slug":"chateau","status":"publish","type":"page","link":"https:\/\/chateau-roylland.fr\/en\/chateau\/","title":{"rendered":"Ch\u00e2teau"},"content":{"rendered":"<div class=\"wpb-content-wrapper\"><p>[vc_row row_type=&#8221;parallax&#8221; parallax_content_width=&#8221;full_width&#8221; text_align=&#8221;left&#8221; full_screen_section_height=&#8221;no&#8221; el_class=&#8221;titre&#8221; background_image=&#8221;475&#8243;][vc_column][vc_column_text]<\/p>\n<h1>Ch\u00e2teau Roylland<\/h1>\n<p>In the heart of Saint-\u00c9milion vineyards[\/vc_column_text][\/vc_column][\/vc_row][vc_row css_animation=&#8221;&#8221; row_type=&#8221;row&#8221; use_row_as_full_screen_section=&#8221;no&#8221; type=&#8221;full_width&#8221; angled_section=&#8221;no&#8221; text_align=&#8221;left&#8221; background_image_as_pattern=&#8221;without_pattern&#8221; el_class=&#8221;margin center_text&#8221; z_index=&#8221;&#8221;][vc_column][vc_column_text]<\/p>\n<p style=\"text-align: center;\">Just a stone&#8217;s throw from the heart of the medieval city of Saint-\u00c9milion, a UNESCO World Heritage Site, and its famous bell tower, Ch\u00e2teau Roylland is located in the Mazerat cove. Neighbouring the most prominent classified growths of Saint-\u00c9milion (Ang\u00e9lus, Berliquet and Canon), Ch\u00e2teau Roylland holds five hectares of vines.<\/p>\n<p>[\/vc_column_text][\/vc_column][\/vc_row][vc_row css_animation=&#8221;&#8221; row_type=&#8221;row&#8221; use_row_as_full_screen_section=&#8221;no&#8221; type=&#8221;full_width&#8221; angled_section=&#8221;no&#8221; text_align=&#8221;left&#8221; background_image_as_pattern=&#8221;without_pattern&#8221; el_class=&#8221;block_title_text_img margin responsive_margin_100&#8243; z_index=&#8221;&#8221;][vc_column][vc_column_text]<\/p>\n<h2>THE CH\u00c2TEAU, A HISTORICAL AND PRESTIGIOUS PROPERTY<\/h2>\n<p>[\/vc_column_text][vc_row_inner row_type=&#8221;row&#8221; type=&#8221;full_width&#8221; text_align=&#8221;left&#8221; css_animation=&#8221;&#8221;][vc_column_inner width=&#8221;1\/2&#8243;][vc_column_text]<\/p>\n<p style=\"text-align: justify;\">Ch\u00e2teau Roylland is a historical property established in the heart of Saint-\u00c9milion vineyards, close to the medieval village. The ch\u00e2teau dates to the days of Eleanor of Aquitaine in the 12th century. Its name literally stands for &#8220;La Lande du Roy&#8221; (The King&#8217;s moorland). As it was indeed located on the royal lands of a chapel, the name is quite fitting. Successively, the Duchess of Aquitaine, Queen of France and Queen of England, Ali\u00e9nor of Aquitaine had the small chapel of Saint-Martin-de-Mazerat renovated. All the religious rituals and ceremonies of the village took place in this chapel. Nowadays, it is still within sight of Ch\u00e2teau Roylland.<\/p>\n<p>[\/vc_column_text][\/vc_column_inner][vc_column_inner width=&#8221;1\/2&#8243;][vc_single_image image=&#8221;209&#8243; img_size=&#8221;large&#8221; qode_css_animation=&#8221;&#8221;][\/vc_column_inner][\/vc_row_inner][\/vc_column][\/vc_row][vc_row css_animation=&#8221;&#8221; row_type=&#8221;row&#8221; use_row_as_full_screen_section=&#8221;no&#8221; type=&#8221;full_width&#8221; angled_section=&#8221;no&#8221; text_align=&#8221;left&#8221; background_image_as_pattern=&#8221;without_pattern&#8221; el_class=&#8221;block_title_text_img flex margin responsive_margin_60&#8243; z_index=&#8221;&#8221;][vc_column][vc_column_text el_class=&#8221;padding_30&#8243;]<\/p>\n<h2>A WINE ESTATE RUN BY MARTINE AND JEAN-BERNARD CHAMBARD<\/h2>\n<p>[\/vc_column_text][vc_row_inner row_type=&#8221;row&#8221; type=&#8221;full_width&#8221; text_align=&#8221;left&#8221; css_animation=&#8221;&#8221;][vc_column_inner width=&#8221;1\/2&#8243;][vc_column_text]<\/p>\n<p style=\"text-align: justify;\">In 2010, Martine and Jean-Bernard Chambard became the new owners of Ch\u00e2teau Roylland and its vineyard. They decided to launch a vast renovation project of the winery, cellar, reception and tasting areas on their arrival.<\/p>\n<p style=\"text-align: justify;\">While running the vineyard, they established Le G\u00eete du Roy, a high-end tourist accommodation, in 2015. Located in the former harvesters&#8217; house, right in the centre of the estate, it is very popular with visitors keen to experience wine tourism.<\/p>\n<p>[\/vc_column_text][\/vc_column_inner][vc_column_inner width=&#8221;1\/2&#8243;][vc_single_image image=&#8221;210&#8243; img_size=&#8221;large&#8221; qode_css_animation=&#8221;&#8221;][\/vc_column_inner][\/vc_row_inner][\/vc_column][\/vc_row][vc_row css_animation=&#8221;&#8221; row_type=&#8221;row&#8221; use_row_as_full_screen_section=&#8221;no&#8221; type=&#8221;full_width&#8221; angled_section=&#8221;no&#8221; text_align=&#8221;left&#8221; background_image_as_pattern=&#8221;without_pattern&#8221; el_class=&#8221;block_title_text_img margin responsive_margin_60&#8243; z_index=&#8221;&#8221;][vc_column][vc_row_inner row_type=&#8221;row&#8221; type=&#8221;full_width&#8221; text_align=&#8221;left&#8221; css_animation=&#8221;&#8221;][vc_column_inner width=&#8221;1\/2&#8243;][vc_column_text]<\/p>\n<p style=\"text-align: justify;\">Today, the vineyard of Ch\u00e2teau Roylland is managed using sustainable agriculture, a prospective approach to preserve biodiversity. No herbicide is used, and the grapes are always handpicked. Ch\u00e2teau Roylland relies on a small team of dedicated professionals headed by Thomas Thiou. In addition, the enologist St\u00e9phane Toutoundji advises and monitors the estate&#8217;s production and the vinification of its wines.<\/p>\n<p>[\/vc_column_text][\/vc_column_inner][vc_column_inner width=&#8221;1\/2&#8243;][vc_single_image image=&#8221;211&#8243; img_size=&#8221;large&#8221; qode_css_animation=&#8221;&#8221;][\/vc_column_inner][\/vc_row_inner][\/vc_column][\/vc_row][vc_row css_animation=&#8221;&#8221; row_type=&#8221;row&#8221; use_row_as_full_screen_section=&#8221;no&#8221; type=&#8221;full_width&#8221; angled_section=&#8221;no&#8221; text_align=&#8221;left&#8221; background_image_as_pattern=&#8221;without_pattern&#8221; el_class=&#8221;margin&#8221; z_index=&#8221;&#8221;][vc_column][vc_column_text]<\/p>\n<p style=\"text-align: center;\"><a class=\"bouton\" href=\"https:\/\/chateau-roylland.fr\/en\/le-vin\/\">KNOW MORE ABOUT OUR WINE<\/a><\/p>\n<p>[\/vc_column_text][\/vc_column][\/vc_row]<\/p>\n<\/div>","protected":false},"excerpt":{"rendered":"<p>[vc_row row_type=&#8221;parallax&#8221; parallax_content_width=&#8221;full_width&#8221; text_align=&#8221;left&#8221; full_screen_section_height=&#8221;no&#8221; el_class=&#8221;titre&#8221; background_image=&#8221;475&#8243;][vc_column][vc_column_text] Ch\u00e2teau Roylland In the heart of Saint-\u00c9milion vineyards[\/vc_column_text][\/vc_column][\/vc_row][vc_row css_animation=&#8221;&#8221; row_type=&#8221;row&#8221; use_row_as_full_screen_section=&#8221;no&#8221; type=&#8221;full_width&#8221; angled_section=&#8221;no&#8221; text_align=&#8221;left&#8221; background_image_as_pattern=&#8221;without_pattern&#8221; el_class=&#8221;margin center_text&#8221; z_index=&#8221;&#8221;][vc_column][vc_column_text] Just a stone&#8217;s throw from the heart of the medieval city of Saint-\u00c9milion, a UNESCO World Heritage Site, and its&#8230;<\/p>\n","protected":false},"author":1,"featured_media":568,"parent":0,"menu_order":0,"comment_status":"closed","ping_status":"closed","template":"","meta":{"_acf_changed":false,"inline_featured_image":false,"footnotes":""},"class_list":["post-738","page","type-page","status-publish","has-post-thumbnail","hentry"],"acf":[],"yoast_head":"<!-- This site is optimized with the Yoast SEO plugin v27.1.1 - https:\/\/yoast.com\/product\/yoast-seo-wordpress\/ -->\n<title>Discover the history of Ch\u00e2teau Roylland in Saint-Emilion<\/title>\n<meta name=\"description\" content=\"Ch\u00e2teau Roylland, a historical and prestigious property in the heart of the medieval city of Saint-\u00c9milion, takes its name from &quot;la lande du Roy&quot;, meaning the King&#039;s moorland.\" \/>\n<meta name=\"robots\" content=\"index, follow, max-snippet:-1, max-image-preview:large, max-video-preview:-1\" \/>\n<link rel=\"canonical\" href=\"https:\/\/chateau-roylland.fr\/en\/chateau\/\" \/>\n<meta property=\"og:locale\" content=\"en_US\" \/>\n<meta property=\"og:type\" content=\"article\" \/>\n<meta property=\"og:title\" content=\"Discover the history of Ch\u00e2teau Roylland in Saint-Emilion\" \/>\n<meta property=\"og:description\" content=\"Ch\u00e2teau Roylland, a historical and prestigious property in the heart of the medieval city of Saint-\u00c9milion, takes its name from &quot;la lande du Roy&quot;, meaning the King&#039;s moorland.\" \/>\n<meta property=\"og:url\" content=\"https:\/\/chateau-roylland.fr\/en\/chateau\/\" \/>\n<meta property=\"og:site_name\" content=\"Ch\u00e2teau Roylland\" \/>\n<meta property=\"article:publisher\" content=\"https:\/\/www.facebook.com\/Chateau-Roylland-1416769891762300\/\" \/>\n<meta property=\"article:modified_time\" content=\"2021-11-02T10:48:08+00:00\" \/>\n<meta property=\"og:image\" content=\"https:\/\/chateau-roylland.fr\/wp-content\/uploads\/2021\/09\/chateau-roylland-vin-saint-emilion-grand-cru-header.jpg\" \/>\n\t<meta property=\"og:image:width\" content=\"2000\" \/>\n\t<meta property=\"og:image:height\" content=\"1332\" \/>\n\t<meta property=\"og:image:type\" content=\"image\/jpeg\" \/>\n<meta name=\"twitter:card\" content=\"summary_large_image\" \/>\n<meta name=\"twitter:label1\" content=\"Est. reading time\" \/>\n\t<meta name=\"twitter:data1\" content=\"2 minutes\" \/>\n<script type=\"application\/ld+json\" class=\"yoast-schema-graph\">{\"@context\":\"https:\/\/schema.org\",\"@graph\":[{\"@type\":\"WebPage\",\"@id\":\"https:\/\/chateau-roylland.fr\/en\/chateau\/\",\"url\":\"https:\/\/chateau-roylland.fr\/en\/chateau\/\",\"name\":\"Discover the history of Ch\u00e2teau Roylland in Saint-Emilion\",\"isPartOf\":{\"@id\":\"https:\/\/chateau-roylland.fr\/#website\"},\"primaryImageOfPage\":{\"@id\":\"https:\/\/chateau-roylland.fr\/en\/chateau\/#primaryimage\"},\"image\":{\"@id\":\"https:\/\/chateau-roylland.fr\/en\/chateau\/#primaryimage\"},\"thumbnailUrl\":\"https:\/\/chateau-roylland.fr\/wp-content\/uploads\/2021\/09\/chateau-roylland-vin-saint-emilion-grand-cru-header.jpg\",\"datePublished\":\"2021-08-11T09:04:02+00:00\",\"dateModified\":\"2021-11-02T10:48:08+00:00\",\"description\":\"Ch\u00e2teau Roylland, a historical and prestigious property in the heart of the medieval city of Saint-\u00c9milion, takes its name from \\\"la lande du Roy\\\", meaning the King's moorland.\",\"breadcrumb\":{\"@id\":\"https:\/\/chateau-roylland.fr\/en\/chateau\/#breadcrumb\"},\"inLanguage\":\"en-US\",\"potentialAction\":[{\"@type\":\"ReadAction\",\"target\":[\"https:\/\/chateau-roylland.fr\/en\/chateau\/\"]}]},{\"@type\":\"ImageObject\",\"inLanguage\":\"en-US\",\"@id\":\"https:\/\/chateau-roylland.fr\/en\/chateau\/#primaryimage\",\"url\":\"https:\/\/chateau-roylland.fr\/wp-content\/uploads\/2021\/09\/chateau-roylland-vin-saint-emilion-grand-cru-header.jpg\",\"contentUrl\":\"https:\/\/chateau-roylland.fr\/wp-content\/uploads\/2021\/09\/chateau-roylland-vin-saint-emilion-grand-cru-header.jpg\",\"width\":2000,\"height\":1332},{\"@type\":\"BreadcrumbList\",\"@id\":\"https:\/\/chateau-roylland.fr\/en\/chateau\/#breadcrumb\",\"itemListElement\":[{\"@type\":\"ListItem\",\"position\":1,\"name\":\"Accueil\",\"item\":\"https:\/\/chateau-roylland.fr\/en\/\"},{\"@type\":\"ListItem\",\"position\":2,\"name\":\"Ch\u00e2teau\"}]},{\"@type\":\"WebSite\",\"@id\":\"https:\/\/chateau-roylland.fr\/#website\",\"url\":\"https:\/\/chateau-roylland.fr\/\",\"name\":\"Ch\u00e2teau Roylland\",\"description\":\"Saint-Emilion Grand Cru\",\"publisher\":{\"@id\":\"https:\/\/chateau-roylland.fr\/#organization\"},\"potentialAction\":[{\"@type\":\"SearchAction\",\"target\":{\"@type\":\"EntryPoint\",\"urlTemplate\":\"https:\/\/chateau-roylland.fr\/?s={search_term_string}\"},\"query-input\":{\"@type\":\"PropertyValueSpecification\",\"valueRequired\":true,\"valueName\":\"search_term_string\"}}],\"inLanguage\":\"en-US\"},{\"@type\":\"Organization\",\"@id\":\"https:\/\/chateau-roylland.fr\/#organization\",\"name\":\"Ch\u00e2teau Roylland\",\"url\":\"https:\/\/chateau-roylland.fr\/\",\"logo\":{\"@type\":\"ImageObject\",\"inLanguage\":\"en-US\",\"@id\":\"https:\/\/chateau-roylland.fr\/#\/schema\/logo\/image\/\",\"url\":\"https:\/\/chateau-roylland.fr\/wp-content\/uploads\/2021\/06\/logo-chateau-roylland-600px.png\",\"contentUrl\":\"https:\/\/chateau-roylland.fr\/wp-content\/uploads\/2021\/06\/logo-chateau-roylland-600px.png\",\"width\":600,\"height\":635,\"caption\":\"Ch\u00e2teau Roylland\"},\"image\":{\"@id\":\"https:\/\/chateau-roylland.fr\/#\/schema\/logo\/image\/\"},\"sameAs\":[\"https:\/\/www.facebook.com\/Chateau-Roylland-1416769891762300\/\"]}]}<\/script>\n<!-- \/ Yoast SEO plugin. -->","yoast_head_json":{"title":"Discover the history of Ch\u00e2teau Roylland in Saint-Emilion","description":"Ch\u00e2teau Roylland, a historical and prestigious property in the heart of the medieval city of Saint-\u00c9milion, takes its name from \"la lande du Roy\", meaning the King's moorland.","robots":{"index":"index","follow":"follow","max-snippet":"max-snippet:-1","max-image-preview":"max-image-preview:large","max-video-preview":"max-video-preview:-1"},"canonical":"https:\/\/chateau-roylland.fr\/en\/chateau\/","og_locale":"en_US","og_type":"article","og_title":"Discover the history of Ch\u00e2teau Roylland in Saint-Emilion","og_description":"Ch\u00e2teau Roylland, a historical and prestigious property in the heart of the medieval city of Saint-\u00c9milion, takes its name from \"la lande du Roy\", meaning the King's moorland.","og_url":"https:\/\/chateau-roylland.fr\/en\/chateau\/","og_site_name":"Ch\u00e2teau Roylland","article_publisher":"https:\/\/www.facebook.com\/Chateau-Roylland-1416769891762300\/","article_modified_time":"2021-11-02T10:48:08+00:00","og_image":[{"width":2000,"height":1332,"url":"https:\/\/chateau-roylland.fr\/wp-content\/uploads\/2021\/09\/chateau-roylland-vin-saint-emilion-grand-cru-header.jpg","type":"image\/jpeg"}],"twitter_card":"summary_large_image","twitter_misc":{"Est. reading time":"2 minutes"},"schema":{"@context":"https:\/\/schema.org","@graph":[{"@type":"WebPage","@id":"https:\/\/chateau-roylland.fr\/en\/chateau\/","url":"https:\/\/chateau-roylland.fr\/en\/chateau\/","name":"Discover the history of Ch\u00e2teau Roylland in Saint-Emilion","isPartOf":{"@id":"https:\/\/chateau-roylland.fr\/#website"},"primaryImageOfPage":{"@id":"https:\/\/chateau-roylland.fr\/en\/chateau\/#primaryimage"},"image":{"@id":"https:\/\/chateau-roylland.fr\/en\/chateau\/#primaryimage"},"thumbnailUrl":"https:\/\/chateau-roylland.fr\/wp-content\/uploads\/2021\/09\/chateau-roylland-vin-saint-emilion-grand-cru-header.jpg","datePublished":"2021-08-11T09:04:02+00:00","dateModified":"2021-11-02T10:48:08+00:00","description":"Ch\u00e2teau Roylland, a historical and prestigious property in the heart of the medieval city of Saint-\u00c9milion, takes its name from \"la lande du Roy\", meaning the King's moorland.","breadcrumb":{"@id":"https:\/\/chateau-roylland.fr\/en\/chateau\/#breadcrumb"},"inLanguage":"en-US","potentialAction":[{"@type":"ReadAction","target":["https:\/\/chateau-roylland.fr\/en\/chateau\/"]}]},{"@type":"ImageObject","inLanguage":"en-US","@id":"https:\/\/chateau-roylland.fr\/en\/chateau\/#primaryimage","url":"https:\/\/chateau-roylland.fr\/wp-content\/uploads\/2021\/09\/chateau-roylland-vin-saint-emilion-grand-cru-header.jpg","contentUrl":"https:\/\/chateau-roylland.fr\/wp-content\/uploads\/2021\/09\/chateau-roylland-vin-saint-emilion-grand-cru-header.jpg","width":2000,"height":1332},{"@type":"BreadcrumbList","@id":"https:\/\/chateau-roylland.fr\/en\/chateau\/#breadcrumb","itemListElement":[{"@type":"ListItem","position":1,"name":"Accueil","item":"https:\/\/chateau-roylland.fr\/en\/"},{"@type":"ListItem","position":2,"name":"Ch\u00e2teau"}]},{"@type":"WebSite","@id":"https:\/\/chateau-roylland.fr\/#website","url":"https:\/\/chateau-roylland.fr\/","name":"Ch\u00e2teau Roylland","description":"Saint-Emilion Grand Cru","publisher":{"@id":"https:\/\/chateau-roylland.fr\/#organization"},"potentialAction":[{"@type":"SearchAction","target":{"@type":"EntryPoint","urlTemplate":"https:\/\/chateau-roylland.fr\/?s={search_term_string}"},"query-input":{"@type":"PropertyValueSpecification","valueRequired":true,"valueName":"search_term_string"}}],"inLanguage":"en-US"},{"@type":"Organization","@id":"https:\/\/chateau-roylland.fr\/#organization","name":"Ch\u00e2teau Roylland","url":"https:\/\/chateau-roylland.fr\/","logo":{"@type":"ImageObject","inLanguage":"en-US","@id":"https:\/\/chateau-roylland.fr\/#\/schema\/logo\/image\/","url":"https:\/\/chateau-roylland.fr\/wp-content\/uploads\/2021\/06\/logo-chateau-roylland-600px.png","contentUrl":"https:\/\/chateau-roylland.fr\/wp-content\/uploads\/2021\/06\/logo-chateau-roylland-600px.png","width":600,"height":635,"caption":"Ch\u00e2teau Roylland"},"image":{"@id":"https:\/\/chateau-roylland.fr\/#\/schema\/logo\/image\/"},"sameAs":["https:\/\/www.facebook.com\/Chateau-Roylland-1416769891762300\/"]}]}},"_links":{"self":[{"href":"https:\/\/chateau-roylland.fr\/en\/wp-json\/wp\/v2\/pages\/738","targetHints":{"allow":["GET"]}}],"collection":[{"href":"https:\/\/chateau-roylland.fr\/en\/wp-json\/wp\/v2\/pages"}],"about":[{"href":"https:\/\/chateau-roylland.fr\/en\/wp-json\/wp\/v2\/types\/page"}],"author":[{"embeddable":true,"href":"https:\/\/chateau-roylland.fr\/en\/wp-json\/wp\/v2\/users\/1"}],"replies":[{"embeddable":true,"href":"https:\/\/chateau-roylland.fr\/en\/wp-json\/wp\/v2\/comments?post=738"}],"version-history":[{"count":3,"href":"https:\/\/chateau-roylland.fr\/en\/wp-json\/wp\/v2\/pages\/738\/revisions"}],"predecessor-version":[{"id":744,"href":"https:\/\/chateau-roylland.fr\/en\/wp-json\/wp\/v2\/pages\/738\/revisions\/744"}],"wp:featuredmedia":[{"embeddable":true,"href":"https:\/\/chateau-roylland.fr\/en\/wp-json\/wp\/v2\/media\/568"}],"wp:attachment":[{"href":"https:\/\/chateau-roylland.fr\/en\/wp-json\/wp\/v2\/media?parent=738"}],"curies":[{"name":"wp","href":"https:\/\/api.w.org\/{rel}","templated":true}]}}