{"id":575,"date":"2021-08-11T08:24:33","date_gmt":"2021-08-11T08:24:33","guid":{"rendered":"https:\/\/chateau-roylland.fr\/accueil\/"},"modified":"2021-11-02T14:33:04","modified_gmt":"2021-11-02T14:33:04","slug":"accueil","status":"publish","type":"page","link":"https:\/\/chateau-roylland.fr\/en\/","title":{"rendered":"Home"},"content":{"rendered":"<div class=\"wpb-content-wrapper\"><p>[vc_row css_animation=&#8221;&#8221; row_type=&#8221;row&#8221; use_row_as_full_screen_section=&#8221;no&#8221; type=&#8221;full_width&#8221; angled_section=&#8221;no&#8221; text_align=&#8221;left&#8221; background_image_as_pattern=&#8221;without_pattern&#8221; el_class=&#8221;slider&#8221; z_index=&#8221;&#8221;][vc_column]\n\t\t\t<!-- START Slider REVOLUTION SLIDER 6.7.38 --><p class=\"rs-p-wp-fix\"><\/p>\n\t\t\t<rs-module-wrap id=\"rev_slider_1_1_wrapper\" data-source=\"gallery\" style=\"visibility:hidden;background:transparent;padding:0;\">\n\t\t\t\t<rs-module id=\"rev_slider_1_1\" style=\"\" data-version=\"6.7.38\">\n\t\t\t\t\t<rs-slides style=\"overflow: hidden; position: absolute;\">\n\t\t\t\t\t\t<rs-slide style=\"position: absolute;\" data-key=\"rs-1\" data-title=\"Slide\" data-anim=\"adpr:false;\" data-in=\"o:0;\" data-out=\"a:false;\">\n\t\t\t\t\t\t\t<img decoding=\"async\" src=\"\/\/chateau-roylland.fr\/wp-content\/plugins\/revslider\/sr6\/assets\/assets\/dummy.png\" alt=\"\" title=\"Sans titre_1.1.1\" width=\"1920\" height=\"1080\" class=\"rev-slidebg tp-rs-img rs-lazyload\" data-lazyload=\"\/\/chateau-roylland.fr\/wp-content\/uploads\/2021\/09\/Sans-titre_1.1.1-1.jpg\" data-no-retina>\n\t\t\t\t\t\t\t<rs-bgvideo \n\t\t\t\t\t\t\t\tdata-video=\"vc:none;w:100%;h:100%;nse:false;l:true;ptimer:false;\"\n\t\t\t\t\t\t\t\tdata-vimeoid=\"595265223\"\n\t\t\t\t\t\t\t\tdata-vatr=\"background=1&amp;title=0&amp;byline=0&amp;portrait=0&amp;api=1\"\n\t\t\t\t\t\t\t><\/rs-bgvideo>\n<!--\n\t\t\t\t\t\t\t--><rs-layer\n\t\t\t\t\t\t\t\tid=\"slider-1-slide-1-layer-0\" \n\t\t\t\t\t\t\t\tdata-type=\"text\"\n\t\t\t\t\t\t\t\tdata-rsp_ch=\"on\"\n\t\t\t\t\t\t\t\tdata-xy=\"xo:150px,123px,20px,20px;yo:294px,242px,375px,375px;\"\n\t\t\t\t\t\t\t\tdata-text=\"w:normal;s:48,39,36,36;l:66,54,49,49;fw:200;\"\n\t\t\t\t\t\t\t\tdata-frame_999=\"o:0;st:w;\"\n\t\t\t\t\t\t\t\tstyle=\"z-index:10;font-family:'Nunito Sans';\"\n\t\t\t\t\t\t\t>Ch\u00e2teau Roylland \n\t\t\t\t\t\t\t<\/rs-layer><!--\n\n\t\t\t\t\t\t\t--><h1\n\t\t\t\t\t\t\t\tid=\"slider-1-slide-1-layer-1\" \n\t\t\t\t\t\t\t\tclass=\"rs-layer\"\n\t\t\t\t\t\t\t\tdata-type=\"text\"\n\t\t\t\t\t\t\t\tdata-rsp_ch=\"on\"\n\t\t\t\t\t\t\t\tdata-xy=\"xo:150px,123px,20px,20px;yo:380px,313px,434px,434px;\"\n\t\t\t\t\t\t\t\tdata-text=\"w:normal;s:36,29,24,24;l:49,40,28,28;fw:200;\"\n\t\t\t\t\t\t\t\tdata-dim=\"w:501.312px,413px,313px,300px;\"\n\t\t\t\t\t\t\t\tdata-frame_999=\"o:0;st:w;\"\n\t\t\t\t\t\t\t\tstyle=\"z-index:9;font-family:'Nunito Sans';\"\n\t\t\t\t\t\t\t>Saint-Emilion Grand Cru \n\t\t\t\t\t\t\t<\/h1><!--\n\n\t\t\t\t\t\t\t--><rs-layer\n\t\t\t\t\t\t\t\tid=\"slider-1-slide-1-layer-2\" \n\t\t\t\t\t\t\t\tdata-type=\"text\"\n\t\t\t\t\t\t\t\tdata-xy=\"x:c;y:b;yo:50px;\"\n\t\t\t\t\t\t\t\tdata-text=\"w:normal;\"\n\t\t\t\t\t\t\t\tdata-rsp_o=\"off\"\n\t\t\t\t\t\t\t\tdata-rsp_bd=\"off\"\n\t\t\t\t\t\t\t\tdata-frame_999=\"o:0;st:w;\"\n\t\t\t\t\t\t\t\tstyle=\"z-index:11;font-family:'Roboto';\"\n\t\t\t\t\t\t\t> <a href=\"#link_slider\" class=\"arrow_slider\" ><span>&nbsp;<\/span><\/a> \n\t\t\t\t\t\t\t<\/rs-layer><!--\n\n\t\t\t\t\t\t\t--><rs-layer\n\t\t\t\t\t\t\t\tid=\"slider-1-slide-1-layer-4\" \n\t\t\t\t\t\t\t\tdata-type=\"shape\"\n\t\t\t\t\t\t\t\tdata-rsp_ch=\"on\"\n\t\t\t\t\t\t\t\tdata-xy=\"xo:-1293px,-1067px,-810px,-499px;yo:-382px,-315px,-239px,-147px;\"\n\t\t\t\t\t\t\t\tdata-text=\"w:normal;\"\n\t\t\t\t\t\t\t\tdata-dim=\"w:3138px,2591px,1968px,1214px;h:1883px,1554px,1180px,728px;\"\n\t\t\t\t\t\t\t\tdata-frame_999=\"o:0;st:w;\"\n\t\t\t\t\t\t\t\tstyle=\"z-index:8;background:linear-gradient(90deg, rgba(0,0,0,1) 0%, rgba(0,0,0,0.57) 36%, rgba(134,134,134,0.1) 76%, rgba(215,215,215,0) 100%);\"\n\t\t\t\t\t\t\t> \n\t\t\t\t\t\t\t<\/rs-layer><!--\n-->\t\t\t\t\t<\/rs-slide>\n\t\t\t\t\t<\/rs-slides>\n\t\t\t\t<\/rs-module>\n\t\t\t\t<script>\n\t\t\t\t\tsetREVStartSize({c: 'rev_slider_1_1',rl:[1240,1024,778,480],el:[900,768,960,720],gw:[1240,1024,778,480],gh:[900,768,960,720],type:'hero',justify:'',layout:'fullscreen',offsetContainer:'',offset:'125px',mh:\"0\"});if (window.RS_MODULES!==undefined && window.RS_MODULES.modules!==undefined && window.RS_MODULES.modules[\"revslider11\"]!==undefined) {window.RS_MODULES.modules[\"revslider11\"].once = false;window.revapi1 = undefined;if (window.RS_MODULES.checkMinimal!==undefined) window.RS_MODULES.checkMinimal()}\n\t\t\t\t<\/script>\n\t\t\t<\/rs-module-wrap>\n\t\t\t<!-- END REVOLUTION SLIDER -->\n[\/vc_column][\/vc_row][vc_row css_animation=&#8221;&#8221; row_type=&#8221;row&#8221; use_row_as_full_screen_section=&#8221;no&#8221; type=&#8221;full_width&#8221; angled_section=&#8221;no&#8221; text_align=&#8221;left&#8221; background_image_as_pattern=&#8221;without_pattern&#8221; el_class=&#8221;block_title_text_img margin image_small center_text&#8221; z_index=&#8221;&#8221; el_id=&#8221;link_slider&#8221;][vc_column][vc_row_inner row_type=&#8221;row&#8221; type=&#8221;full_width&#8221; text_align=&#8221;left&#8221; css_animation=&#8221;&#8221;][vc_column_inner width=&#8221;1\/2&#8243;][vc_column_text]<\/p>\n<h2>The ch\u00e2teau<\/h2>\n<p>Ch\u00e2teau Roylland is a historical property set in the heart of the Saint-\u00c9milion vineyards, two steps from the medieval town and its famous bell tower.<\/p>\n<p class=\"center_responsive\"><a class=\"bouton\" href=\"https:\/\/chateau-roylland.fr\/en\/le-chateau\/\">DISCOVER THE CH\u00c2TEAU<\/a><\/p>\n<p>[\/vc_column_text][\/vc_column_inner][vc_column_inner width=&#8221;1\/2&#8243;][vc_single_image image=&#8221;197&#8243; img_size=&#8221;large&#8221; qode_css_animation=&#8221;&#8221;][\/vc_column_inner][\/vc_row_inner][\/vc_column][\/vc_row][vc_row css_animation=&#8221;&#8221; row_type=&#8221;row&#8221; use_row_as_full_screen_section=&#8221;no&#8221; type=&#8221;full_width&#8221; angled_section=&#8221;no&#8221; text_align=&#8221;left&#8221; background_image_as_pattern=&#8221;without_pattern&#8221; el_class=&#8221;block_title_text_img flex margin image_small center_text&#8221; z_index=&#8221;&#8221;][vc_column][vc_row_inner row_type=&#8221;row&#8221; type=&#8221;full_width&#8221; text_align=&#8221;left&#8221; css_animation=&#8221;&#8221;][vc_column_inner width=&#8221;1\/2&#8243;][vc_column_text]<\/p>\n<h2>THE VINEYARD<\/h2>\n<p>Discovering Ch\u00e2teau Roylland: grape varieties, viticulture techniques, harvesting and vinification, etc.<\/p>\n<p class=\"center_responsive\"><a class=\"bouton\" href=\"https:\/\/chateau-roylland.fr\/en\/le-vignoble\/\">LEARN MORE<\/a><\/p>\n<p>[\/vc_column_text][\/vc_column_inner][vc_column_inner width=&#8221;1\/2&#8243;][vc_single_image image=&#8221;473&#8243; img_size=&#8221;full&#8221; qode_css_animation=&#8221;&#8221;][\/vc_column_inner][\/vc_row_inner][\/vc_column][\/vc_row][vc_row css_animation=&#8221;&#8221; row_type=&#8221;row&#8221; use_row_as_full_screen_section=&#8221;no&#8221; type=&#8221;full_width&#8221; angled_section=&#8221;no&#8221; text_align=&#8221;left&#8221; background_image_as_pattern=&#8221;without_pattern&#8221; el_class=&#8221;bandeau block_title_text_img&#8221; z_index=&#8221;&#8221; css=&#8221;.vc_custom_1628862732501{margin-bottom: 100px !important;background-color: #eeeff2 !important;}&#8221;][vc_column][vc_row_inner row_type=&#8221;row&#8221; type=&#8221;full_width&#8221; text_align=&#8221;left&#8221; css_animation=&#8221;&#8221; el_class=&#8221;block_text_img margin&#8221;][vc_column_inner width=&#8221;1\/2&#8243; css=&#8221;.vc_custom_1628862924439{padding-top: 50px !important;padding-bottom: 50px !important;}&#8221;][vc_column_text]<\/p>\n<h2>THE WINE<\/h2>\n<p>Everything you need to know about our winemaking method and our different vintages.<\/p>\n<p class=\"center_responsive\"><a class=\"bouton\" href=\"https:\/\/chateau-roylland.fr\/en\/le-vin\/\">LEARN MORE<\/a><\/p>\n<p>[\/vc_column_text][\/vc_column_inner][vc_column_inner width=&#8221;1\/2&#8243;][vc_single_image image=&#8221;188&#8243; img_size=&#8221;full&#8221; qode_css_animation=&#8221;&#8221;][\/vc_column_inner][\/vc_row_inner][\/vc_column][\/vc_row][vc_row css_animation=&#8221;&#8221; row_type=&#8221;row&#8221; use_row_as_full_screen_section=&#8221;no&#8221; type=&#8221;full_width&#8221; angled_section=&#8221;no&#8221; text_align=&#8221;left&#8221; background_image_as_pattern=&#8221;without_pattern&#8221; el_class=&#8221;block_title_text_img flex margin image_small center_text&#8221; z_index=&#8221;&#8221;][vc_column][vc_row_inner row_type=&#8221;row&#8221; type=&#8221;full_width&#8221; text_align=&#8221;left&#8221; css_animation=&#8221;&#8221;][vc_column_inner width=&#8221;1\/2&#8243;][vc_column_text]<\/p>\n<h2>LE G\u00ceTE DU ROY<\/h2>\n<p>Rent our private g\u00eete with all its amenities for an authentic stay amid the magnificent Saint-\u00c9milion vineyards.<\/p>\n<p class=\"center_responsive\"><a class=\"bouton\" href=\"https:\/\/chateau-roylland.fr\/en\/le-gite-du-roy\/\">MORE INFORMATION<\/a><\/p>\n<p>[\/vc_column_text][\/vc_column_inner][vc_column_inner width=&#8221;1\/2&#8243;][vc_single_image image=&#8221;198&#8243; img_size=&#8221;full&#8221; qode_css_animation=&#8221;&#8221;][\/vc_column_inner][\/vc_row_inner][\/vc_column][\/vc_row][vc_row css_animation=&#8221;&#8221; row_type=&#8221;row&#8221; use_row_as_full_screen_section=&#8221;no&#8221; type=&#8221;full_width&#8221; angled_section=&#8221;no&#8221; text_align=&#8221;left&#8221; background_image_as_pattern=&#8221;without_pattern&#8221; z_index=&#8221;&#8221; el_class=&#8221;margin actu&#8221;][vc_column][vc_row_inner row_type=&#8221;row&#8221; type=&#8221;grid&#8221; text_align=&#8221;left&#8221; css_animation=&#8221;&#8221;][vc_column_inner el_class=&#8221;intro-actu&#8221;][vc_column_text]<\/p>\n<h2>NEWS<\/h2>\n<p>The latest news of Ch\u00e2teau Roylland. Follow us.[\/vc_column_text][\/vc_column_inner][\/vc_row_inner][vc_row_inner row_type=&#8221;row&#8221; type=&#8221;grid&#8221; text_align=&#8221;left&#8221; css_animation=&#8221;&#8221;][vc_column_inner]\n<div class='latest_post_holder image_on_the_left_boxed  ' >\n    <ul>\n    <li class=\"clearfix \">\n    <div class=\"latest_post\">\n        <div class=\"latest_post_image clearfix\">\n            <a itemprop=\"url\" href=\"https:\/\/chateau-roylland.fr\/en\/ceramic-amphoras-winemaking\/\">\n                <img loading=\"lazy\" decoding=\"async\" width=\"150\" height=\"150\" src=\"https:\/\/chateau-roylland.fr\/wp-content\/uploads\/2025\/07\/amphores_avec_barriques-150x150.jpg\" class=\"attachment-thumbnail size-thumbnail\" alt=\"\" srcset=\"https:\/\/chateau-roylland.fr\/wp-content\/uploads\/2025\/07\/amphores_avec_barriques-150x150.jpg 150w, https:\/\/chateau-roylland.fr\/wp-content\/uploads\/2025\/07\/amphores_avec_barriques-570x570.jpg 570w, https:\/\/chateau-roylland.fr\/wp-content\/uploads\/2025\/07\/amphores_avec_barriques-500x500.jpg 500w, https:\/\/chateau-roylland.fr\/wp-content\/uploads\/2025\/07\/amphores_avec_barriques-1000x1000.jpg 1000w, https:\/\/chateau-roylland.fr\/wp-content\/uploads\/2025\/07\/amphores_avec_barriques-300x300.jpg 300w, https:\/\/chateau-roylland.fr\/wp-content\/uploads\/2025\/07\/amphores_avec_barriques-100x100.jpg 100w\" sizes=\"auto, (max-width: 150px) 100vw, 150px\" \/>            <\/a>\n        <\/div>\n        <div class=\"latest_post_text\">\n            <div class=\"latest_post_inner\">\n                <div class=\"latest_post_text_inner\">\n                                                            <h3 itemprop=\"name\" class=\"latest_post_title entry_title\"><a itemprop=\"url\" href=\"https:\/\/chateau-roylland.fr\/en\/ceramic-amphoras-winemaking\/\">Installation of two amphoras in the wine cellar<\/a><\/h3>\n                    <p class=\"excerpt\">Ch\u00e2teau Roylland, always keen to innovate in order to develop the aromas of its wine, has acquired porcelain ceramic amphoras. This method of vinifica...<\/p>\n                    <span class=\"post_infos\">\n\n                        \n                        \n                        \n\n                    <\/span>\n                <\/div>\n            <\/div>\n        <\/div>\n    <\/div>\n<\/li>\n        <li class=\"clearfix \">\n    <div class=\"latest_post\">\n        <div class=\"latest_post_image clearfix\">\n            <a itemprop=\"url\" href=\"https:\/\/chateau-roylland.fr\/en\/complete-renovation-of-the-old-vathouse\/\">\n                <img loading=\"lazy\" decoding=\"async\" width=\"150\" height=\"150\" src=\"https:\/\/chateau-roylland.fr\/wp-content\/uploads\/2021\/09\/chateau-roylland-saint-emilion-30-150x150.jpg\" class=\"attachment-thumbnail size-thumbnail\" alt=\"\" srcset=\"https:\/\/chateau-roylland.fr\/wp-content\/uploads\/2021\/09\/chateau-roylland-saint-emilion-30-150x150.jpg 150w, https:\/\/chateau-roylland.fr\/wp-content\/uploads\/2021\/09\/chateau-roylland-saint-emilion-30-570x570.jpg 570w, https:\/\/chateau-roylland.fr\/wp-content\/uploads\/2021\/09\/chateau-roylland-saint-emilion-30-500x500.jpg 500w, https:\/\/chateau-roylland.fr\/wp-content\/uploads\/2021\/09\/chateau-roylland-saint-emilion-30-1000x1000.jpg 1000w\" sizes=\"auto, (max-width: 150px) 100vw, 150px\" \/>            <\/a>\n        <\/div>\n        <div class=\"latest_post_text\">\n            <div class=\"latest_post_inner\">\n                <div class=\"latest_post_text_inner\">\n                                                            <h3 itemprop=\"name\" class=\"latest_post_title entry_title\"><a itemprop=\"url\" href=\"https:\/\/chateau-roylland.fr\/en\/complete-renovation-of-the-old-vathouse\/\">Complete renovation of the old vathouse<\/a><\/h3>\n                    <p class=\"excerpt\">Inauguration of the new vathouse at Ch\u00e2teau Roylland. To offer wine enthusiasts an enhanced premium grand cru, Chateau Roylland has committed itself t...<\/p>\n                    <span class=\"post_infos\">\n\n                        \n                        \n                        \n\n                    <\/span>\n                <\/div>\n            <\/div>\n        <\/div>\n    <\/div>\n<\/li>\n        \n    <\/ul>\n<\/div>[\/vc_column_inner][\/vc_row_inner][\/vc_column][\/vc_row]<\/p>\n<\/div>","protected":false},"excerpt":{"rendered":"<p>[vc_row css_animation=&#8221;&#8221; row_type=&#8221;row&#8221; use_row_as_full_screen_section=&#8221;no&#8221; type=&#8221;full_width&#8221; angled_section=&#8221;no&#8221; text_align=&#8221;left&#8221; background_image_as_pattern=&#8221;without_pattern&#8221; el_class=&#8221;slider&#8221; z_index=&#8221;&#8221;][vc_column][\/vc_column][\/vc_row][vc_row css_animation=&#8221;&#8221; row_type=&#8221;row&#8221; use_row_as_full_screen_section=&#8221;no&#8221; type=&#8221;full_width&#8221; angled_section=&#8221;no&#8221; text_align=&#8221;left&#8221; background_image_as_pattern=&#8221;without_pattern&#8221; el_class=&#8221;block_title_text_img margin image_small center_text&#8221; z_index=&#8221;&#8221; el_id=&#8221;link_slider&#8221;][vc_column][vc_row_inner row_type=&#8221;row&#8221; type=&#8221;full_width&#8221; text_align=&#8221;left&#8221; css_animation=&#8221;&#8221;][vc_column_inner width=&#8221;1\/2&#8243;][vc_column_text] The ch\u00e2teau Ch\u00e2teau Roylland is a historical property set in the heart of the Saint-\u00c9milion vineyards, two&#8230;<\/p>\n","protected":false},"author":1,"featured_media":567,"parent":0,"menu_order":0,"comment_status":"closed","ping_status":"closed","template":"","meta":{"_acf_changed":false,"inline_featured_image":false,"footnotes":""},"class_list":["post-575","page","type-page","status-publish","has-post-thumbnail","hentry"],"acf":[],"yoast_head":"<!-- This site is optimized with the Yoast SEO plugin v27.1.1 - https:\/\/yoast.com\/product\/yoast-seo-wordpress\/ -->\n<title>Ch\u00e2teau Roylland - Saint-Emilion Grand Cru<\/title>\n<meta name=\"description\" content=\"A five-hectare estate located in the heart of the Saint-\u00c9milion vineyards, Ch\u00e2teau Roylland is the fruit of the labour of the Chambard family.\" \/>\n<meta name=\"robots\" content=\"index, follow, max-snippet:-1, max-image-preview:large, max-video-preview:-1\" \/>\n<link rel=\"canonical\" href=\"https:\/\/chateau-roylland.fr\/en\/\" \/>\n<meta property=\"og:locale\" content=\"en_US\" \/>\n<meta property=\"og:type\" content=\"article\" \/>\n<meta property=\"og:title\" content=\"Ch\u00e2teau Roylland - Saint-Emilion Grand Cru\" \/>\n<meta property=\"og:description\" content=\"A five-hectare estate located in the heart of the Saint-\u00c9milion vineyards, Ch\u00e2teau Roylland is the fruit of the labour of the Chambard family.\" \/>\n<meta property=\"og:url\" content=\"https:\/\/chateau-roylland.fr\/en\/\" \/>\n<meta property=\"og:site_name\" content=\"Ch\u00e2teau Roylland\" \/>\n<meta property=\"article:publisher\" content=\"https:\/\/www.facebook.com\/Chateau-Roylland-1416769891762300\/\" \/>\n<meta property=\"article:modified_time\" content=\"2021-11-02T14:33:04+00:00\" \/>\n<meta property=\"og:image\" content=\"https:\/\/chateau-roylland.fr\/wp-content\/uploads\/2021\/09\/Sans-titre_1.1.1.jpg\" \/>\n\t<meta property=\"og:image:width\" content=\"1920\" \/>\n\t<meta property=\"og:image:height\" content=\"1080\" \/>\n\t<meta property=\"og:image:type\" content=\"image\/jpeg\" \/>\n<meta name=\"twitter:card\" content=\"summary_large_image\" \/>\n<meta name=\"twitter:label1\" content=\"Est. reading time\" \/>\n\t<meta name=\"twitter:data1\" content=\"2 minutes\" \/>\n<script type=\"application\/ld+json\" class=\"yoast-schema-graph\">{\"@context\":\"https:\/\/schema.org\",\"@graph\":[{\"@type\":\"WebPage\",\"@id\":\"https:\/\/chateau-roylland.fr\/en\/\",\"url\":\"https:\/\/chateau-roylland.fr\/en\/\",\"name\":\"Ch\u00e2teau Roylland - Saint-Emilion Grand Cru\",\"isPartOf\":{\"@id\":\"https:\/\/chateau-roylland.fr\/#website\"},\"primaryImageOfPage\":{\"@id\":\"https:\/\/chateau-roylland.fr\/en\/#primaryimage\"},\"image\":{\"@id\":\"https:\/\/chateau-roylland.fr\/en\/#primaryimage\"},\"thumbnailUrl\":\"https:\/\/chateau-roylland.fr\/wp-content\/uploads\/2021\/09\/Sans-titre_1.1.1.jpg\",\"datePublished\":\"2021-08-11T08:24:33+00:00\",\"dateModified\":\"2021-11-02T14:33:04+00:00\",\"description\":\"A five-hectare estate located in the heart of the Saint-\u00c9milion vineyards, Ch\u00e2teau Roylland is the fruit of the labour of the Chambard family.\",\"breadcrumb\":{\"@id\":\"https:\/\/chateau-roylland.fr\/en\/#breadcrumb\"},\"inLanguage\":\"en-US\",\"potentialAction\":[{\"@type\":\"ReadAction\",\"target\":[\"https:\/\/chateau-roylland.fr\/en\/\"]}]},{\"@type\":\"ImageObject\",\"inLanguage\":\"en-US\",\"@id\":\"https:\/\/chateau-roylland.fr\/en\/#primaryimage\",\"url\":\"https:\/\/chateau-roylland.fr\/wp-content\/uploads\/2021\/09\/Sans-titre_1.1.1.jpg\",\"contentUrl\":\"https:\/\/chateau-roylland.fr\/wp-content\/uploads\/2021\/09\/Sans-titre_1.1.1.jpg\",\"width\":1920,\"height\":1080},{\"@type\":\"BreadcrumbList\",\"@id\":\"https:\/\/chateau-roylland.fr\/en\/#breadcrumb\",\"itemListElement\":[{\"@type\":\"ListItem\",\"position\":1,\"name\":\"Accueil\",\"item\":\"https:\/\/chateau-roylland.fr\/en\/\"},{\"@type\":\"ListItem\",\"position\":2,\"name\":\"Home\"}]},{\"@type\":\"WebSite\",\"@id\":\"https:\/\/chateau-roylland.fr\/#website\",\"url\":\"https:\/\/chateau-roylland.fr\/\",\"name\":\"Ch\u00e2teau Roylland\",\"description\":\"Saint-Emilion Grand Cru\",\"publisher\":{\"@id\":\"https:\/\/chateau-roylland.fr\/#organization\"},\"potentialAction\":[{\"@type\":\"SearchAction\",\"target\":{\"@type\":\"EntryPoint\",\"urlTemplate\":\"https:\/\/chateau-roylland.fr\/?s={search_term_string}\"},\"query-input\":{\"@type\":\"PropertyValueSpecification\",\"valueRequired\":true,\"valueName\":\"search_term_string\"}}],\"inLanguage\":\"en-US\"},{\"@type\":\"Organization\",\"@id\":\"https:\/\/chateau-roylland.fr\/#organization\",\"name\":\"Ch\u00e2teau Roylland\",\"url\":\"https:\/\/chateau-roylland.fr\/\",\"logo\":{\"@type\":\"ImageObject\",\"inLanguage\":\"en-US\",\"@id\":\"https:\/\/chateau-roylland.fr\/#\/schema\/logo\/image\/\",\"url\":\"https:\/\/chateau-roylland.fr\/wp-content\/uploads\/2021\/06\/logo-chateau-roylland-600px.png\",\"contentUrl\":\"https:\/\/chateau-roylland.fr\/wp-content\/uploads\/2021\/06\/logo-chateau-roylland-600px.png\",\"width\":600,\"height\":635,\"caption\":\"Ch\u00e2teau Roylland\"},\"image\":{\"@id\":\"https:\/\/chateau-roylland.fr\/#\/schema\/logo\/image\/\"},\"sameAs\":[\"https:\/\/www.facebook.com\/Chateau-Roylland-1416769891762300\/\"]}]}<\/script>\n<!-- \/ Yoast SEO plugin. -->","yoast_head_json":{"title":"Ch\u00e2teau Roylland - Saint-Emilion Grand Cru","description":"A five-hectare estate located in the heart of the Saint-\u00c9milion vineyards, Ch\u00e2teau Roylland is the fruit of the labour of the Chambard family.","robots":{"index":"index","follow":"follow","max-snippet":"max-snippet:-1","max-image-preview":"max-image-preview:large","max-video-preview":"max-video-preview:-1"},"canonical":"https:\/\/chateau-roylland.fr\/en\/","og_locale":"en_US","og_type":"article","og_title":"Ch\u00e2teau Roylland - Saint-Emilion Grand Cru","og_description":"A five-hectare estate located in the heart of the Saint-\u00c9milion vineyards, Ch\u00e2teau Roylland is the fruit of the labour of the Chambard family.","og_url":"https:\/\/chateau-roylland.fr\/en\/","og_site_name":"Ch\u00e2teau Roylland","article_publisher":"https:\/\/www.facebook.com\/Chateau-Roylland-1416769891762300\/","article_modified_time":"2021-11-02T14:33:04+00:00","og_image":[{"width":1920,"height":1080,"url":"https:\/\/chateau-roylland.fr\/wp-content\/uploads\/2021\/09\/Sans-titre_1.1.1.jpg","type":"image\/jpeg"}],"twitter_card":"summary_large_image","twitter_misc":{"Est. reading time":"2 minutes"},"schema":{"@context":"https:\/\/schema.org","@graph":[{"@type":"WebPage","@id":"https:\/\/chateau-roylland.fr\/en\/","url":"https:\/\/chateau-roylland.fr\/en\/","name":"Ch\u00e2teau Roylland - Saint-Emilion Grand Cru","isPartOf":{"@id":"https:\/\/chateau-roylland.fr\/#website"},"primaryImageOfPage":{"@id":"https:\/\/chateau-roylland.fr\/en\/#primaryimage"},"image":{"@id":"https:\/\/chateau-roylland.fr\/en\/#primaryimage"},"thumbnailUrl":"https:\/\/chateau-roylland.fr\/wp-content\/uploads\/2021\/09\/Sans-titre_1.1.1.jpg","datePublished":"2021-08-11T08:24:33+00:00","dateModified":"2021-11-02T14:33:04+00:00","description":"A five-hectare estate located in the heart of the Saint-\u00c9milion vineyards, Ch\u00e2teau Roylland is the fruit of the labour of the Chambard family.","breadcrumb":{"@id":"https:\/\/chateau-roylland.fr\/en\/#breadcrumb"},"inLanguage":"en-US","potentialAction":[{"@type":"ReadAction","target":["https:\/\/chateau-roylland.fr\/en\/"]}]},{"@type":"ImageObject","inLanguage":"en-US","@id":"https:\/\/chateau-roylland.fr\/en\/#primaryimage","url":"https:\/\/chateau-roylland.fr\/wp-content\/uploads\/2021\/09\/Sans-titre_1.1.1.jpg","contentUrl":"https:\/\/chateau-roylland.fr\/wp-content\/uploads\/2021\/09\/Sans-titre_1.1.1.jpg","width":1920,"height":1080},{"@type":"BreadcrumbList","@id":"https:\/\/chateau-roylland.fr\/en\/#breadcrumb","itemListElement":[{"@type":"ListItem","position":1,"name":"Accueil","item":"https:\/\/chateau-roylland.fr\/en\/"},{"@type":"ListItem","position":2,"name":"Home"}]},{"@type":"WebSite","@id":"https:\/\/chateau-roylland.fr\/#website","url":"https:\/\/chateau-roylland.fr\/","name":"Ch\u00e2teau Roylland","description":"Saint-Emilion Grand Cru","publisher":{"@id":"https:\/\/chateau-roylland.fr\/#organization"},"potentialAction":[{"@type":"SearchAction","target":{"@type":"EntryPoint","urlTemplate":"https:\/\/chateau-roylland.fr\/?s={search_term_string}"},"query-input":{"@type":"PropertyValueSpecification","valueRequired":true,"valueName":"search_term_string"}}],"inLanguage":"en-US"},{"@type":"Organization","@id":"https:\/\/chateau-roylland.fr\/#organization","name":"Ch\u00e2teau Roylland","url":"https:\/\/chateau-roylland.fr\/","logo":{"@type":"ImageObject","inLanguage":"en-US","@id":"https:\/\/chateau-roylland.fr\/#\/schema\/logo\/image\/","url":"https:\/\/chateau-roylland.fr\/wp-content\/uploads\/2021\/06\/logo-chateau-roylland-600px.png","contentUrl":"https:\/\/chateau-roylland.fr\/wp-content\/uploads\/2021\/06\/logo-chateau-roylland-600px.png","width":600,"height":635,"caption":"Ch\u00e2teau Roylland"},"image":{"@id":"https:\/\/chateau-roylland.fr\/#\/schema\/logo\/image\/"},"sameAs":["https:\/\/www.facebook.com\/Chateau-Roylland-1416769891762300\/"]}]}},"_links":{"self":[{"href":"https:\/\/chateau-roylland.fr\/en\/wp-json\/wp\/v2\/pages\/575","targetHints":{"allow":["GET"]}}],"collection":[{"href":"https:\/\/chateau-roylland.fr\/en\/wp-json\/wp\/v2\/pages"}],"about":[{"href":"https:\/\/chateau-roylland.fr\/en\/wp-json\/wp\/v2\/types\/page"}],"author":[{"embeddable":true,"href":"https:\/\/chateau-roylland.fr\/en\/wp-json\/wp\/v2\/users\/1"}],"replies":[{"embeddable":true,"href":"https:\/\/chateau-roylland.fr\/en\/wp-json\/wp\/v2\/comments?post=575"}],"version-history":[{"count":4,"href":"https:\/\/chateau-roylland.fr\/en\/wp-json\/wp\/v2\/pages\/575\/revisions"}],"predecessor-version":[{"id":783,"href":"https:\/\/chateau-roylland.fr\/en\/wp-json\/wp\/v2\/pages\/575\/revisions\/783"}],"wp:featuredmedia":[{"embeddable":true,"href":"https:\/\/chateau-roylland.fr\/en\/wp-json\/wp\/v2\/media\/567"}],"wp:attachment":[{"href":"https:\/\/chateau-roylland.fr\/en\/wp-json\/wp\/v2\/media?parent=575"}],"curies":[{"name":"wp","href":"https:\/\/api.w.org\/{rel}","templated":true}]}}